{"id":96,"date":"2013-09-02T02:46:28","date_gmt":"2013-09-02T02:46:28","guid":{"rendered":"http:\/\/www.smasfiscales.com\/gon-fra\/?page_id=96"},"modified":"2013-11-21T04:24:44","modified_gmt":"2013-11-21T04:24:44","slug":"nuestros-clientes","status":"publish","type":"page","link":"https:\/\/www.gonfra.com.mx\/online\/nuestros-clientes\/","title":{"rendered":"Nuestros Clientes"},"content":{"rendered":"<p><a href=\"https:\/\/www.gonfra.com.mx\/online\/wp-content\/uploads\/2013\/09\/saludo.jpg\"><img loading=\"lazy\" decoding=\"async\" class=\"size-full wp-image-195 aligncenter\" alt=\"saludo\" src=\"https:\/\/www.gonfra.com.mx\/online\/wp-content\/uploads\/2013\/09\/saludo.jpg\" width=\"550\" height=\"149\" srcset=\"https:\/\/www.gonfra.com.mx\/online\/wp-content\/uploads\/2013\/09\/saludo.jpg 550w, https:\/\/www.gonfra.com.mx\/online\/wp-content\/uploads\/2013\/09\/saludo-300x81.jpg 300w\" sizes=\"auto, (max-width: 550px) 100vw, 550px\" \/><\/a><\/p>\n<p style=\"text-align: justify;\">Con pasos firmes se ha logrado un amplio crecimiento en el n\u00famero de trabajos inmobiliarios, legales, t\u00e9cnicos y administrativos realizados gracias a la confianza que los clientes nos han otorgado, as\u00ed como en la estructura de la empresa, logr\u00e1ndose consolidar como tal en un corto tiempo aunado a la experiencia de su equipo de trabajo, tanto de su fundador, como de las personas que se han ido incorporado, prueba de ello son los resultados obtenidos en el trabajo con empresas de gran importancia en el mercado como:<\/p>\n<table border=\"0\" cellspacing=\"2\" cellpadding=\"2\">\n<tbody>\n<tr align=\"center\" valign=\"middle\">\n<td><img loading=\"lazy\" decoding=\"async\" class=\"alignnone size-full wp-image-79\" alt=\"logo-alestra\" src=\"https:\/\/www.gonfra.com.mx\/online\/wp-content\/uploads\/2013\/08\/logo-alestra.jpg\" width=\"200\" height=\"67\" \/><\/td>\n<td><img loading=\"lazy\" decoding=\"async\" class=\"aligncenter\" alt=\"\" src=\"https:\/\/www.gonfra.com.mx\/online\/wp-content\/uploads\/2013\/09\/ATC-logo.jpg\" width=\"200\" height=\"115\" \/><\/td>\n<\/tr>\n<tr align=\"center\" valign=\"middle\">\n<td><img loading=\"lazy\" decoding=\"async\" class=\"alignnone size-full wp-image-80\" alt=\"logo-avantel\" src=\"https:\/\/www.gonfra.com.mx\/online\/wp-content\/uploads\/2013\/08\/logo-avantel.jpg\" width=\"200\" height=\"70\" \/><\/td>\n<td><img loading=\"lazy\" decoding=\"async\" class=\"alignnone size-full wp-image-81\" alt=\"logo-axtel\" src=\"https:\/\/www.gonfra.com.mx\/online\/wp-content\/uploads\/2013\/08\/logo-axtel.jpg\" width=\"200\" height=\"92\" \/><\/td>\n<\/tr>\n<tr align=\"center\" valign=\"middle\">\n<td><img loading=\"lazy\" decoding=\"async\" alt=\"\" src=\"https:\/\/www.gonfra.com.mx\/online\/wp-content\/uploads\/2013\/09\/bestel-logo.jpg\" width=\"200\" height=\"94\" \/><\/td>\n<td><img loading=\"lazy\" decoding=\"async\" class=\"alignnone size-full wp-image-82\" alt=\"logo-cablevision\" src=\"https:\/\/www.gonfra.com.mx\/online\/wp-content\/uploads\/2013\/08\/logo-cablevision.jpg\" width=\"200\" height=\"53\" \/><\/td>\n<\/tr>\n<tr align=\"center\" valign=\"middle\">\n<td><a href=\"https:\/\/www.gonfra.com.mx\/online\/wp-content\/uploads\/2013\/09\/logo-ericsson.jpg\"><img loading=\"lazy\" decoding=\"async\" class=\"alignnone size-full wp-image-113\" alt=\"logo-ericsson\" src=\"https:\/\/www.gonfra.com.mx\/online\/wp-content\/uploads\/2013\/09\/logo-ericsson.jpg\" width=\"200\" height=\"64\" \/><\/a><\/td>\n<td><img loading=\"lazy\" decoding=\"async\" class=\"alignnone size-full wp-image-83\" alt=\"logo-iusacel\" src=\"https:\/\/www.gonfra.com.mx\/online\/wp-content\/uploads\/2013\/08\/logo-iusacel.jpg\" width=\"200\" height=\"73\" \/><\/td>\n<\/tr>\n<tr align=\"center\" valign=\"middle\">\n<td><img loading=\"lazy\" decoding=\"async\" class=\"alignnone size-full wp-image-84\" alt=\"logo-maxcom\" src=\"https:\/\/www.gonfra.com.mx\/online\/wp-content\/uploads\/2013\/08\/logo-maxcom.jpg\" width=\"200\" height=\"110\" \/><\/td>\n<td><img loading=\"lazy\" decoding=\"async\" class=\"alignnone size-full wp-image-85\" alt=\"logo-metrored\" src=\"https:\/\/www.gonfra.com.mx\/online\/wp-content\/uploads\/2013\/08\/logo-metrored.jpg\" width=\"200\" height=\"68\" \/><\/td>\n<\/tr>\n<tr align=\"center\" valign=\"middle\">\n<td><img loading=\"lazy\" decoding=\"async\" class=\"alignnone size-full wp-image-86\" alt=\"logo-movistar\" src=\"https:\/\/www.gonfra.com.mx\/online\/wp-content\/uploads\/2013\/08\/logo-movistar.jpg\" width=\"200\" height=\"59\" \/><\/td>\n<td><img loading=\"lazy\" decoding=\"async\" class=\"alignnone size-full wp-image-87\" alt=\"logo-nextel\" src=\"https:\/\/www.gonfra.com.mx\/online\/wp-content\/uploads\/2013\/08\/logo-nextel.jpg\" width=\"200\" height=\"70\" \/><\/td>\n<\/tr>\n<tr align=\"center\" valign=\"middle\">\n<td><img loading=\"lazy\" decoding=\"async\" alt=\"\" src=\"https:\/\/www.gonfra.com.mx\/online\/wp-content\/uploads\/2013\/09\/logo-nokkia.jpg\" width=\"200\" height=\"76\" \/><\/td>\n<td><img loading=\"lazy\" decoding=\"async\" alt=\"\" src=\"https:\/\/www.gonfra.com.mx\/online\/wp-content\/uploads\/2013\/09\/logo_protel.jpg\" width=\"200\" height=\"75\" \/><\/td>\n<\/tr>\n<tr align=\"center\" valign=\"middle\">\n<td><img loading=\"lazy\" decoding=\"async\" class=\"alignnone size-full wp-image-88\" alt=\"logo-telcel\" src=\"https:\/\/www.gonfra.com.mx\/online\/wp-content\/uploads\/2013\/08\/logo-telcel.jpg\" width=\"200\" height=\"54\" \/><\/td>\n<td><img loading=\"lazy\" decoding=\"async\" alt=\"\" src=\"https:\/\/www.gonfra.com.mx\/online\/wp-content\/uploads\/2013\/09\/logo-vialux.jpg\" width=\"200\" height=\"124\" \/><\/td>\n<\/tr>\n<\/tbody>\n<\/table>\n","protected":false},"excerpt":{"rendered":"<p>Con pasos firmes se ha logrado un amplio crecimiento en el n\u00famero de trabajos inmobiliarios, legales, t\u00e9cnicos y administrativos realizados gracias a la confianza que los clientes nos han otorgado, as\u00ed como en la estructura de la empresa, logr\u00e1ndose consolidar como tal en un corto tiempo aunado a la experiencia de su equipo de trabajo, [&hellip;]<\/p>\n","protected":false},"author":1,"featured_media":0,"parent":0,"menu_order":6,"comment_status":"closed","ping_status":"closed","template":"","meta":{"footnotes":"","_links_to":"","_links_to_target":""},"class_list":["post-96","page","type-page","status-publish","hentry"],"_links":{"self":[{"href":"https:\/\/www.gonfra.com.mx\/online\/wp-json\/wp\/v2\/pages\/96","targetHints":{"allow":["GET"]}}],"collection":[{"href":"https:\/\/www.gonfra.com.mx\/online\/wp-json\/wp\/v2\/pages"}],"about":[{"href":"https:\/\/www.gonfra.com.mx\/online\/wp-json\/wp\/v2\/types\/page"}],"author":[{"embeddable":true,"href":"https:\/\/www.gonfra.com.mx\/online\/wp-json\/wp\/v2\/users\/1"}],"replies":[{"embeddable":true,"href":"https:\/\/www.gonfra.com.mx\/online\/wp-json\/wp\/v2\/comments?post=96"}],"version-history":[{"count":4,"href":"https:\/\/www.gonfra.com.mx\/online\/wp-json\/wp\/v2\/pages\/96\/revisions"}],"predecessor-version":[{"id":298,"href":"https:\/\/www.gonfra.com.mx\/online\/wp-json\/wp\/v2\/pages\/96\/revisions\/298"}],"wp:attachment":[{"href":"https:\/\/www.gonfra.com.mx\/online\/wp-json\/wp\/v2\/media?parent=96"}],"curies":[{"name":"wp","href":"https:\/\/api.w.org\/{rel}","templated":true}]}}