{"id":29,"date":"2013-08-31T02:52:25","date_gmt":"2013-08-31T02:52:25","guid":{"rendered":"http:\/\/www.gonfra.com.mx\/online\/?page_id=29"},"modified":"2013-11-09T18:03:45","modified_gmt":"2013-11-09T18:03:45","slug":"presencia-en-mexico","status":"publish","type":"page","link":"https:\/\/www.gonfra.com.mx\/online\/presencia-en-mexico\/","title":{"rendered":"Presencia en M\u00e9xico"},"content":{"rendered":"<div align=\"center\">\n<p><a href=\"https:\/\/www.gonfra.com.mx\/online\/wp-content\/uploads\/2013\/08\/mapa-mexico-2013.jpg\"><img loading=\"lazy\" decoding=\"async\" class=\"alignnone  wp-image-221\" alt=\"mapa-mexico-2013\" src=\"https:\/\/www.gonfra.com.mx\/online\/wp-content\/uploads\/2013\/08\/mapa-mexico-2013.jpg\" width=\"560\" height=\"390\" srcset=\"https:\/\/www.gonfra.com.mx\/online\/wp-content\/uploads\/2013\/08\/mapa-mexico-2013.jpg 800w, https:\/\/www.gonfra.com.mx\/online\/wp-content\/uploads\/2013\/08\/mapa-mexico-2013-300x208.jpg 300w\" sizes=\"auto, (max-width: 560px) 100vw, 560px\" \/><\/a><\/p>\n<p>Contamos diferentes contactos en diferentes partes de la Rep\u00fablica Mexicana<br \/>\nen zonas estrat\u00e9gicas.<\/p>\n<table style=\"width: 600px;\" border=\"0\" cellspacing=\"2\" cellpadding=\"2\" align=\"center\">\n<tbody>\n<tr>\n<td><span style=\"color: #ff0000;\"><strong>M\u00c9XICO, D.F.<\/strong><\/span><\/td>\n<td>Rosa Mar\u00eda del Prado<\/td>\n<td><strong>(55) 5661.3300<\/strong><\/td>\n<td><a href=\"mailto:rpp@gonfra.com.mx\">rpp@gonfra.com.mx<\/a><\/td>\n<\/tr>\n<tr>\n<td>QUER\u00c9TARO<\/td>\n<td>Mart\u00edn Gonz\u00e1lez Franco<\/td>\n<td><strong>(442) 567 4553<\/strong><\/td>\n<td><a href=\"mailto:mgf@gonfra.com.mx\" target=\"_blank\">mgf@gonfra.com.mx<\/a><\/td>\n<\/tr>\n<tr>\n<td>LE\u00d3N<\/td>\n<td>Mario Escobar P\u00e9rez<\/td>\n<td><strong>(477) 354 0927<\/strong><\/td>\n<td><a href=\"mailto:mep@gonfra.com.mx\" target=\"_blank\">mep@gonfra.com.mx<\/a><\/td>\n<\/tr>\n<tr>\n<td>PUEBLA<\/td>\n<td>Carlos Espinoza Guzm\u00e1n<\/td>\n<td><strong>(222) 444 9610<\/strong><\/td>\n<td><a href=\"mailto:ceg@gonfra.com.mx\" target=\"_blank\">ceg@gonfra.com.mx<\/a><\/td>\n<\/tr>\n<tr>\n<td>GUADALAJARA<\/td>\n<td>Salvador Gonz\u00e1lez Flores<\/td>\n<td><strong>(33) 3176 9229<\/strong><\/td>\n<td><a href=\"mailto:sgf@gonfra.com.mx\" target=\"_blank\">sgf@gonfra.com.mx<\/a><\/td>\n<\/tr>\n<tr>\n<td>MONTERREY<\/td>\n<td>Juan De Dios Garc\u00eda Segura<\/td>\n<td><strong>(81) 1654 7138<\/strong><\/td>\n<td><a href=\"mailto:jdg@gonfra.com.mx\" target=\"_blank\">jdg@gonfra.com.mx<\/a><\/td>\n<\/tr>\n<tr>\n<td>M\u00c9RIDA<\/td>\n<td>Mario Molina E.<\/td>\n<td><strong>(999) 273 3634<\/strong><\/td>\n<td><a href=\"mailto:mme@gonfra.com.mx\" target=\"_blank\">mme@gonfra.com.mx<\/a><\/td>\n<\/tr>\n<tr>\n<td>TIJUANA<\/td>\n<td align=\"center\">&#8212;<\/td>\n<td align=\"center\">&#8212;<\/td>\n<td align=\"center\">&#8212;<\/td>\n<\/tr>\n<\/tbody>\n<\/table>\n<\/div>\n","protected":false},"excerpt":{"rendered":"<p>Contamos diferentes contactos en diferentes partes de la Rep\u00fablica Mexicana en zonas estrat\u00e9gicas. M\u00c9XICO, D.F. Rosa Mar\u00eda del Prado (55) 5661.3300 rpp@gonfra.com.mx QUER\u00c9TARO Mart\u00edn Gonz\u00e1lez Franco (442) 567 4553 mgf@gonfra.com.mx LE\u00d3N Mario Escobar P\u00e9rez (477) 354 0927 mep@gonfra.com.mx PUEBLA Carlos Espinoza Guzm\u00e1n (222) 444 9610 ceg@gonfra.com.mx GUADALAJARA Salvador Gonz\u00e1lez Flores (33) 3176 9229 sgf@gonfra.com.mx MONTERREY [&hellip;]<\/p>\n","protected":false},"author":1,"featured_media":0,"parent":0,"menu_order":9,"comment_status":"closed","ping_status":"closed","template":"","meta":{"footnotes":"","_links_to":"","_links_to_target":""},"class_list":["post-29","page","type-page","status-publish","hentry"],"_links":{"self":[{"href":"https:\/\/www.gonfra.com.mx\/online\/wp-json\/wp\/v2\/pages\/29","targetHints":{"allow":["GET"]}}],"collection":[{"href":"https:\/\/www.gonfra.com.mx\/online\/wp-json\/wp\/v2\/pages"}],"about":[{"href":"https:\/\/www.gonfra.com.mx\/online\/wp-json\/wp\/v2\/types\/page"}],"author":[{"embeddable":true,"href":"https:\/\/www.gonfra.com.mx\/online\/wp-json\/wp\/v2\/users\/1"}],"replies":[{"embeddable":true,"href":"https:\/\/www.gonfra.com.mx\/online\/wp-json\/wp\/v2\/comments?post=29"}],"version-history":[{"count":1,"href":"https:\/\/www.gonfra.com.mx\/online\/wp-json\/wp\/v2\/pages\/29\/revisions"}],"predecessor-version":[{"id":250,"href":"https:\/\/www.gonfra.com.mx\/online\/wp-json\/wp\/v2\/pages\/29\/revisions\/250"}],"wp:attachment":[{"href":"https:\/\/www.gonfra.com.mx\/online\/wp-json\/wp\/v2\/media?parent=29"}],"curies":[{"name":"wp","href":"https:\/\/api.w.org\/{rel}","templated":true}]}}