{"id":141,"date":"2013-09-10T04:09:47","date_gmt":"2013-09-10T04:09:47","guid":{"rendered":"http:\/\/www.smasfiscales.com\/gon-fra\/?page_id=141"},"modified":"2013-11-09T17:28:33","modified_gmt":"2013-11-09T17:28:33","slug":"2002-pegaso","status":"publish","type":"page","link":"https:\/\/www.gonfra.com.mx\/online\/2002-pegaso\/","title":{"rendered":"2002- Pegaso"},"content":{"rendered":"<p><a href=\"https:\/\/www.gonfra.com.mx\/online\/wp-content\/uploads\/2013\/09\/pegasso-logo.jpg\"><img loading=\"lazy\" decoding=\"async\" class=\"alignnone size-full wp-image-142\" alt=\"pegasso-logo\" src=\"https:\/\/www.gonfra.com.mx\/online\/wp-content\/uploads\/2013\/09\/pegasso-logo.jpg\" width=\"298\" height=\"84\" \/><\/a><\/p>\n<p style=\"text-align: justify;\">Pegaso quien era uno de los concesionarios celulares que estaba en plena expansi\u00f3n desde 1997 ten\u00eda como su \u00fanico proveedor de infraestructura a la empresa Alcatel.<\/p>\n<p style=\"text-align: justify;\">En el a\u00f1o 2002 llev\u00f3 a cabo una campa\u00f1a de crecimiento de una manera m\u00e1s agresiva hacia el interior de la Rep\u00fablica Mexicana y fue en esos momentos que nos dio la oportunidad de incluirnos como su prestador de servicios.<\/p>\n<p><a href=\"https:\/\/www.gonfra.com.mx\/online\/wp-content\/uploads\/2013\/09\/pegasso-banner.jpg\"><img loading=\"lazy\" decoding=\"async\" class=\"alignnone size-full wp-image-143\" alt=\"pegasso-banner\" src=\"https:\/\/www.gonfra.com.mx\/online\/wp-content\/uploads\/2013\/09\/pegasso-banner.jpg\" width=\"550\" height=\"335\" srcset=\"https:\/\/www.gonfra.com.mx\/online\/wp-content\/uploads\/2013\/09\/pegasso-banner.jpg 550w, https:\/\/www.gonfra.com.mx\/online\/wp-content\/uploads\/2013\/09\/pegasso-banner-300x182.jpg 300w\" sizes=\"auto, (max-width: 550px) 100vw, 550px\" \/><\/a><\/p>\n<p style=\"text-align: justify;\">Nos encomend\u00f3 la adquisici\u00f3n y permisos de sus sitios de telecomunicaci\u00f3n en las ciudades de Puebla y Le\u00f3n y en menos de un a\u00f1o ya estaba se estaban prestando los servicios de telefon\u00eda celular de Pegaso en ambas ciudades. Justo en esos momentos es que Telef\u00f3nica Movistar adquiri\u00f3 a Pegaso y para sorpresa de nuestra compa\u00f1\u00eda a pesar de este gran cambio Telef\u00f3nica nos contrat\u00f3 para varios rubros de infraestructura situaci\u00f3n que perdura hasta la fecha, de manera directa o indirecta.<\/p>\n","protected":false},"excerpt":{"rendered":"<p>Pegaso quien era uno de los concesionarios celulares que estaba en plena expansi\u00f3n desde 1997 ten\u00eda como su \u00fanico proveedor de infraestructura a la empresa Alcatel. En el a\u00f1o 2002 llev\u00f3 a cabo una campa\u00f1a de crecimiento de una manera m\u00e1s agresiva hacia el interior de la Rep\u00fablica Mexicana y fue en esos momentos que [&hellip;]<\/p>\n","protected":false},"author":1,"featured_media":0,"parent":0,"menu_order":2,"comment_status":"closed","ping_status":"closed","template":"","meta":{"footnotes":"","_links_to":"","_links_to_target":""},"class_list":["post-141","page","type-page","status-publish","hentry"],"_links":{"self":[{"href":"https:\/\/www.gonfra.com.mx\/online\/wp-json\/wp\/v2\/pages\/141","targetHints":{"allow":["GET"]}}],"collection":[{"href":"https:\/\/www.gonfra.com.mx\/online\/wp-json\/wp\/v2\/pages"}],"about":[{"href":"https:\/\/www.gonfra.com.mx\/online\/wp-json\/wp\/v2\/types\/page"}],"author":[{"embeddable":true,"href":"https:\/\/www.gonfra.com.mx\/online\/wp-json\/wp\/v2\/users\/1"}],"replies":[{"embeddable":true,"href":"https:\/\/www.gonfra.com.mx\/online\/wp-json\/wp\/v2\/comments?post=141"}],"version-history":[{"count":4,"href":"https:\/\/www.gonfra.com.mx\/online\/wp-json\/wp\/v2\/pages\/141\/revisions"}],"predecessor-version":[{"id":265,"href":"https:\/\/www.gonfra.com.mx\/online\/wp-json\/wp\/v2\/pages\/141\/revisions\/265"}],"wp:attachment":[{"href":"https:\/\/www.gonfra.com.mx\/online\/wp-json\/wp\/v2\/media?parent=141"}],"curies":[{"name":"wp","href":"https:\/\/api.w.org\/{rel}","templated":true}]}}