{"id":133,"date":"2013-09-10T03:55:15","date_gmt":"2013-09-10T03:55:15","guid":{"rendered":"http:\/\/www.smasfiscales.com\/gon-fra\/?page_id=133"},"modified":"2013-11-09T17:40:30","modified_gmt":"2013-11-09T17:40:30","slug":"2003-a-2010-maxcom","status":"publish","type":"page","link":"https:\/\/www.gonfra.com.mx\/online\/2003-a-2010-maxcom\/","title":{"rendered":"2003 a 2010- Maxcom"},"content":{"rendered":"<p style=\"text-align: justify;\">Durante este lapso la empresa Maxcom llev\u00f3 a cabo una gran expansi\u00f3n de su infraestructura de telecomunicaciones y nos contrat\u00f3 para las ciudades de Quer\u00e9taro, Puebla San Luis Potos\u00ed y M\u00e9xico.<\/p>\n<p><a href=\"https:\/\/www.gonfra.com.mx\/online\/wp-content\/uploads\/2013\/09\/maxcom-banner.jpg\"><img loading=\"lazy\" decoding=\"async\" class=\"alignnone size-full wp-image-134\" alt=\"maxcom-banner\" src=\"https:\/\/www.gonfra.com.mx\/online\/wp-content\/uploads\/2013\/09\/maxcom-banner.jpg\" width=\"550\" height=\"291\" srcset=\"https:\/\/www.gonfra.com.mx\/online\/wp-content\/uploads\/2013\/09\/maxcom-banner.jpg 550w, https:\/\/www.gonfra.com.mx\/online\/wp-content\/uploads\/2013\/09\/maxcom-banner-300x158.jpg 300w\" sizes=\"auto, (max-width: 550px) 100vw, 550px\" \/><\/a><\/p>\n<p style=\"text-align: justify;\">Localizaci\u00f3n de sitios, gestor\u00eda para instalaciones marginales, permisos para colocaci\u00f3n de FO en poster\u00eda de CFE, licencias para instalaciones de cobre, entre otros, todo para llevar a cabo en ese momento su triple play.<\/p>\n<p style=\"text-align: justify;\">En tiempo record pudimos darles resultados y nos sumamos a los esfuerzos que hizo Maxcom para incrementar su red de telecomunicaciones.<\/p>\n","protected":false},"excerpt":{"rendered":"<p>Durante este lapso la empresa Maxcom llev\u00f3 a cabo una gran expansi\u00f3n de su infraestructura de telecomunicaciones y nos contrat\u00f3 para las ciudades de Quer\u00e9taro, Puebla San Luis Potos\u00ed y M\u00e9xico. Localizaci\u00f3n de sitios, gestor\u00eda para instalaciones marginales, permisos para colocaci\u00f3n de FO en poster\u00eda de CFE, licencias para instalaciones de cobre, entre otros, todo [&hellip;]<\/p>\n","protected":false},"author":1,"featured_media":0,"parent":0,"menu_order":4,"comment_status":"closed","ping_status":"closed","template":"","meta":{"footnotes":"","_links_to":"","_links_to_target":""},"class_list":["post-133","page","type-page","status-publish","hentry"],"_links":{"self":[{"href":"https:\/\/www.gonfra.com.mx\/online\/wp-json\/wp\/v2\/pages\/133","targetHints":{"allow":["GET"]}}],"collection":[{"href":"https:\/\/www.gonfra.com.mx\/online\/wp-json\/wp\/v2\/pages"}],"about":[{"href":"https:\/\/www.gonfra.com.mx\/online\/wp-json\/wp\/v2\/types\/page"}],"author":[{"embeddable":true,"href":"https:\/\/www.gonfra.com.mx\/online\/wp-json\/wp\/v2\/users\/1"}],"replies":[{"embeddable":true,"href":"https:\/\/www.gonfra.com.mx\/online\/wp-json\/wp\/v2\/comments?post=133"}],"version-history":[{"count":3,"href":"https:\/\/www.gonfra.com.mx\/online\/wp-json\/wp\/v2\/pages\/133\/revisions"}],"predecessor-version":[{"id":269,"href":"https:\/\/www.gonfra.com.mx\/online\/wp-json\/wp\/v2\/pages\/133\/revisions\/269"}],"wp:attachment":[{"href":"https:\/\/www.gonfra.com.mx\/online\/wp-json\/wp\/v2\/media?parent=133"}],"curies":[{"name":"wp","href":"https:\/\/api.w.org\/{rel}","templated":true}]}}