{"id":130,"date":"2013-09-10T03:50:58","date_gmt":"2013-09-10T03:50:58","guid":{"rendered":"http:\/\/www.smasfiscales.com\/gon-fra\/?page_id=130"},"modified":"2013-11-09T17:44:22","modified_gmt":"2013-11-09T17:44:22","slug":"2001-metrored","status":"publish","type":"page","link":"https:\/\/www.gonfra.com.mx\/online\/2001-metrored\/","title":{"rendered":"2001 MetroRED"},"content":{"rendered":"<p><a href=\"https:\/\/www.gonfra.com.mx\/online\/wp-content\/uploads\/2013\/08\/logo-metrored.jpg\"><img loading=\"lazy\" decoding=\"async\" class=\"alignnone size-full wp-image-85\" alt=\"logo-metrored\" src=\"https:\/\/www.gonfra.com.mx\/online\/wp-content\/uploads\/2013\/08\/logo-metrored.jpg\" width=\"200\" height=\"68\" \/><\/a><\/p>\n<p style=\"text-align: justify;\">Cuando MetroRED estaba ya prestando sus servicios de datos y otros m\u00e1s de valor agregado en la Ciudad de M\u00e9xico, hab\u00eda implementado una red dirigida principalmente al mercado corporativo en diferentes puntos de la ciudad, pero sus expectativas de expansi\u00f3n eran m\u00e1s ambiciosas.<\/p>\n<p><a href=\"https:\/\/www.gonfra.com.mx\/online\/wp-content\/uploads\/2013\/09\/metrored-banner1.jpg\"><img loading=\"lazy\" decoding=\"async\" class=\"alignnone size-full wp-image-128\" alt=\"metrored-banner1\" src=\"https:\/\/www.gonfra.com.mx\/online\/wp-content\/uploads\/2013\/09\/metrored-banner1.jpg\" width=\"520\" height=\"319\" srcset=\"https:\/\/www.gonfra.com.mx\/online\/wp-content\/uploads\/2013\/09\/metrored-banner1.jpg 520w, https:\/\/www.gonfra.com.mx\/online\/wp-content\/uploads\/2013\/09\/metrored-banner1-300x184.jpg 300w\" sizes=\"auto, (max-width: 520px) 100vw, 520px\" \/><\/a><\/p>\n<p style=\"text-align: justify;\">Fue en ese entonces que nos dieron la oportunidad de apoyarlos y se tomaron los trabajos en 2001 y 2002 para platicar con las autoridades tanto Federales, como Locales y Municipales, de tal suerte que la empresa pudiera cumplir en tiempo y forma con su concesi\u00f3n e incluso ampliar la prestaci\u00f3n de sus servicios a otras ciudades de la Rep\u00fablica Mexicana.<\/p>\n","protected":false},"excerpt":{"rendered":"<p>Cuando MetroRED estaba ya prestando sus servicios de datos y otros m\u00e1s de valor agregado en la Ciudad de M\u00e9xico, hab\u00eda implementado una red dirigida principalmente al mercado corporativo en diferentes puntos de la ciudad, pero sus expectativas de expansi\u00f3n eran m\u00e1s ambiciosas. Fue en ese entonces que nos dieron la oportunidad de apoyarlos y [&hellip;]<\/p>\n","protected":false},"author":1,"featured_media":0,"parent":0,"menu_order":5,"comment_status":"closed","ping_status":"closed","template":"","meta":{"footnotes":"","_links_to":"","_links_to_target":""},"class_list":["post-130","page","type-page","status-publish","hentry"],"_links":{"self":[{"href":"https:\/\/www.gonfra.com.mx\/online\/wp-json\/wp\/v2\/pages\/130","targetHints":{"allow":["GET"]}}],"collection":[{"href":"https:\/\/www.gonfra.com.mx\/online\/wp-json\/wp\/v2\/pages"}],"about":[{"href":"https:\/\/www.gonfra.com.mx\/online\/wp-json\/wp\/v2\/types\/page"}],"author":[{"embeddable":true,"href":"https:\/\/www.gonfra.com.mx\/online\/wp-json\/wp\/v2\/users\/1"}],"replies":[{"embeddable":true,"href":"https:\/\/www.gonfra.com.mx\/online\/wp-json\/wp\/v2\/comments?post=130"}],"version-history":[{"count":3,"href":"https:\/\/www.gonfra.com.mx\/online\/wp-json\/wp\/v2\/pages\/130\/revisions"}],"predecessor-version":[{"id":271,"href":"https:\/\/www.gonfra.com.mx\/online\/wp-json\/wp\/v2\/pages\/130\/revisions\/271"}],"wp:attachment":[{"href":"https:\/\/www.gonfra.com.mx\/online\/wp-json\/wp\/v2\/media?parent=130"}],"curies":[{"name":"wp","href":"https:\/\/api.w.org\/{rel}","templated":true}]}}